{"id":13,"date":"2021-05-12T03:18:10","date_gmt":"2021-05-12T08:18:10","guid":{"rendered":"https:\/\/ibisreview.com\/corport\/es\/?page_id=13"},"modified":"2021-06-30T16:15:06","modified_gmt":"2021-06-30T21:15:06","slug":"news","status":"publish","type":"page","link":"https:\/\/corportinc.com\/es\/en\/news\/","title":{"rendered":"Noticias"},"content":{"rendered":"<div class=\"wpb-content-wrapper\"><div class=\"vc_row wpb_row vc_row-fluid vc_custom_1622664051809 wpex-vc_row-has-fill add-overlay-header-offset wpex-vc-reset-negative-margin\" style=\"background-position:center top!important;\"><div class=\"wpb_column vc_column_container vc_col-sm-12\"><div class=\"vc_column-inner\"><div class=\"wpb_wrapper\"><div class=\"vcex-spacing wpex-w-100 wpex-clear visible-desktop\" style=\"height:100px;\"><\/div><div class=\"vc_row wpb_row vc_inner vc_row-fluid no-bottom-margins\"><div class=\"wpb_column vc_column_container vc_col-sm-8\"><div class=\"vc_column-inner\"><div class=\"wpb_wrapper\">\n\t<div style=\"color:#ffffff;\" class=\"wpb_text_column has-custom-color wpex-child-inherit-color wpb_content_element\" >\n\t\t<div class=\"wpb_wrapper\">\n\t\t\t<h4>NOTICIAS<\/h4>\n\n\t\t<\/div>\n\t<\/div>\n\n\t<div style=\"color:#ffffff;font-size:1.35em;\" class=\"wpb_text_column has-custom-color wpex-child-inherit-color wpb_content_element\" >\n\t\t<div class=\"wpb_wrapper\">\n\t\t\t<h1>Mant\u00e9nganse informado\/a con las noticias m\u00e1s recientes y art\u00edculos de relevancia informativa.<\/h1>\n\n\t\t<\/div>\n\t<\/div>\n<\/div><\/div><\/div><div class=\"wpb_column vc_column_container vc_col-sm-4\"><div class=\"vc_column-inner\"><div class=\"wpb_wrapper\"><\/div><\/div><\/div><\/div><\/div><\/div><\/div><\/div><div class=\"vc_row wpb_row vc_row-fluid vc_custom_1622664250876 wpex-vc_row-has-fill wpex-vc-reset-negative-margin\"><div class=\"wpb_column vc_column_container vc_col-sm-12\"><div class=\"vc_column-inner\"><div class=\"wpb_wrapper\"><div class=\"vcex-spacing wpex-w-100 wpex-clear visible-desktop\" style=\"height:75px;\"><\/div>\n\t<div style=\"text-align:center;\" class=\"wpb_text_column wpb_content_element\" >\n\t\t<div class=\"wpb_wrapper\">\n\t\t\t<p>Esta secci\u00f3n ser\u00e1 actualizada proximamente&#8230;<\/p>\n\n\t\t<\/div>\n\t<\/div>\n<div class=\"vcex-spacing wpex-w-100 wpex-clear visible-desktop\" style=\"height:100px;\"><\/div><\/div><\/div><\/div><\/div>\n<\/div>","protected":false},"excerpt":{"rendered":"NOTICIAS Mant\u00e9nganse informado\/a con las noticias m\u00e1s recientes y art\u00edculos de relevancia informativa. Esta secci\u00f3n ser\u00e1 actualizada proximamente...","protected":false},"author":1,"featured_media":0,"parent":0,"menu_order":0,"comment_status":"closed","ping_status":"closed","template":"","meta":{"footnotes":""},"class_list":["post-13","page","type-page","status-publish","hentry","entry","no-media"],"_links":{"self":[{"href":"https:\/\/corportinc.com\/es\/en\/wp-json\/wp\/v2\/pages\/13","targetHints":{"allow":["GET"]}}],"collection":[{"href":"https:\/\/corportinc.com\/es\/en\/wp-json\/wp\/v2\/pages"}],"about":[{"href":"https:\/\/corportinc.com\/es\/en\/wp-json\/wp\/v2\/types\/page"}],"author":[{"embeddable":true,"href":"https:\/\/corportinc.com\/es\/en\/wp-json\/wp\/v2\/users\/1"}],"replies":[{"embeddable":true,"href":"https:\/\/corportinc.com\/es\/en\/wp-json\/wp\/v2\/comments?post=13"}],"version-history":[{"count":2,"href":"https:\/\/corportinc.com\/es\/en\/wp-json\/wp\/v2\/pages\/13\/revisions"}],"predecessor-version":[{"id":216,"href":"https:\/\/corportinc.com\/es\/en\/wp-json\/wp\/v2\/pages\/13\/revisions\/216"}],"wp:attachment":[{"href":"https:\/\/corportinc.com\/es\/en\/wp-json\/wp\/v2\/media?parent=13"}],"curies":[{"name":"wp","href":"https:\/\/api.w.org\/{rel}","templated":true}]}}