{"id":139,"date":"2021-05-12T03:05:51","date_gmt":"2021-05-12T08:05:51","guid":{"rendered":"https:\/\/ibisreview.com\/corport\/es\/?page_id=4"},"modified":"2024-12-16T15:45:23","modified_gmt":"2024-12-16T20:45:23","slug":"home","status":"publish","type":"page","link":"https:\/\/corportinc.com\/es\/en\/","title":{"rendered":"Inicio"},"content":{"rendered":"<div class=\"wpb-content-wrapper\"><div id=\"hero-row\" class=\"vc_row wpb_row vc_row-fluid vc_custom_1622583467572 vc_row-o-full-height vc_row-o-columns-middle vc_row-flex wpex-vc_row-has-fill add-overlay-header-offset wpex-vc-reset-negative-margin\" style=\"background-position:center center!important;\"><div class=\"wpb_column vc_column_container vc_col-sm-6\"><div class=\"vc_column-inner\"><div class=\"wpb_wrapper\"><div class=\"vcex-spacing wpex-w-100 wpex-clear hidden-desktop\" style=\"height:350px;\"><\/div><style>.vcex_69e11a0965fac{font-size:2.25em!important;}@media (max-width:1024px){.vcex_69e11a0965fac{font-size:2em!important;}}@media (max-width:959px){.vcex_69e11a0965fac{font-size:2em!important;}}@media (max-width:767px){.vcex_69e11a0965fac{font-size:1.75em!important;}}@media (max-width:479px){.vcex_69e11a0965fac{font-size:1.85em!important;}}<\/style>\n\t<div style=\"color:#ffffff;font-family:Montserrat;font-weight:700;\" class=\"wpb_text_column vcex_69e11a0965fac has-custom-color wpex-child-inherit-color wpb_content_element\" >\n\t\t<div class=\"wpb_wrapper\">\n\t\t\t<h1>Compromiso sin fronteras<\/h1>\n\n\t\t<\/div>\n\t<\/div>\n<div class=\"vcex-spacing wpex-w-100 wpex-clear\" style=\"height:45px;\"><\/div>\n\t<div style=\"width:550px;\" class=\"wpb_text_column wpex-max-w-100 wpex-mr-auto wpb_content_element hero-subheading\" >\n\t\t<div class=\"wpb_wrapper\">\n\t\t\t<p>Sus clientes conf\u00edan en la calidad de sus productos.<\/p>\n<p>Usted, en que podamos garantizable proveedores de excelencia en los Estados Unidos. Ese es nuestro compromiso.<\/p>\n\n\t\t<\/div>\n\t<\/div>\n<div class=\"vcex-spacing wpex-w-100 wpex-clear\" style=\"height:45px;\"><\/div><a href=\"https:\/\/corportinc.com\/es\/services\/\" class=\"vcex-button theme-button inline\" style=\"background:#ea9a27;padding-block:10px;padding-inline:25px;color:rgba(255,255,255,0.9);font-size:1.25em;font-weight:500;letter-spacing:0.025em;border-radius:90px;\" data-wpex-hover='{&quot;background&quot;:&quot;#ea8d0b&quot;,&quot;color&quot;:&quot;#ffffff&quot;}'><span class=\"vcex-button-inner theme-button-inner\">Ver m\u00e1s<span class=\"vcex-button-icon vcex-icon-wrap theme-button-icon-right wpex-transition-transform wpex-duration-200\" data-wpex-hover=\"{&quot;parent&quot;:&quot;.vcex-button&quot;,&quot;transform&quot;:&quot;translateX(10px)&quot;}\"><span class=\"ticon ticon-long-arrow-right\" aria-hidden=\"true\"><\/span><\/span><\/span><\/a> <\/div><\/div><\/div><div class=\"wpb_column vc_column_container vc_col-sm-6\"><div class=\"vc_column-inner\"><div class=\"wpb_wrapper\"><\/div><\/div><\/div><\/div><div class=\"vc_row wpb_row vc_row-fluid vc_custom_1622583420810 vc_row-o-equal-height vc_row-o-content-middle vc_row-flex wpex-vc-has-custom-column-spacing wpex-vc-column-spacing-60 wpex-vc_row-has-fill no-bottom-margins tablet-fullwidth-columns wpex-vc-reset-negative-margin\" style=\"background-size:100%!important;\"><div class=\"wpb_column vc_column_container vc_col-sm-5 wpex-vc_col-has-fill visible-desktop\"><div class=\"vc_column-inner vc_custom_1622578050586\"><div class=\"wpb_wrapper\"><\/div><\/div><\/div><div class=\"wpb_column vc_column_container vc_col-sm-1 visible-desktop\"><div class=\"vc_column-inner vc_custom_1622578041608\"><div class=\"wpb_wrapper\"><\/div><\/div><\/div><div class=\"wpb_column vc_column_container vc_col-sm-5\"><div class=\"vc_column-inner vc_custom_1622578468502\"><div class=\"wpb_wrapper\"><div class=\"vcex-spacing wpex-w-100 wpex-clear visible-desktop\" style=\"height:50px;\"><\/div>\n\t<div id=\"world-dot\" class=\"wpb_single_image wpb_content_element vc_align_ wpb_content_element visible-desktop\">\n\t\t\n\t\t<figure class=\"wpb_wrapper vc_figure\">\n\t\t\t<div class=\"vc_single_image-wrapper   vc_box_border_grey\"><img width=\"762\" height=\"800\" src=\"https:\/\/corportinc.com\/es\/wp-content\/uploads\/sites\/2\/2021\/05\/world-img-1.png\" class=\"vc_single_image-img attachment-full\" alt=\"\" title=\"world-img-1\" srcset=\"https:\/\/corportinc.com\/es\/wp-content\/uploads\/sites\/2\/2021\/05\/world-img-1.png 762w, https:\/\/corportinc.com\/es\/wp-content\/uploads\/sites\/2\/2021\/05\/world-img-1-286x300.png 286w, https:\/\/corportinc.com\/es\/wp-content\/uploads\/sites\/2\/2021\/05\/world-img-1-11x12.png 11w\" sizes=\"(max-width: 762px) 100vw, 762px\" \/><\/div>\n\t\t<\/figure>\n\t<\/div>\n\n\t<div class=\"wpb_text_column wpb_content_element\" >\n\t\t<div class=\"wpb_wrapper\">\n\t\t\t<h4>UN CLARO OBJETIVO<\/h4>\n\n\t\t<\/div>\n\t<\/div>\n<div class=\"vcex-module vcex-divider vcex-divider-solid vcex-divider-left wpex-mr-auto wpex-max-w-100 wpex-block wpex-h-0 wpex-border-b wpex-border-solid wpex-border-main\" style=\"width:45px;margin-top:5px;margin-bottom:15px;border-bottom-width:3px;border-color:#ea9a27;\"><\/div>\n\t<div style=\"font-size:1.5em;width:576px;\" class=\"wpb_text_column wpex-max-w-100 wpex-mr-auto wpb_content_element\" >\n\t\t<div class=\"wpb_wrapper\">\n\t\t\t<h2>Conectarlo con el mundo<\/h2>\n\n\t\t<\/div>\n\t<\/div>\n<div class=\"vcex-spacing wpex-w-100 wpex-clear\" style=\"height:45px;\"><\/div>\n\t<div style=\"width:576px;\" class=\"wpb_text_column wpex-max-w-100 wpex-mr-auto wpb_content_element\" >\n\t\t<div class=\"wpb_wrapper\">\n\t\t\t<p>Creamos v\u00ednculos entre la industria farmac\u00e9utica, e instituciones de salud p\u00fablicas y privadas.<\/p>\n<p>Nuestra misi\u00f3n es clara: queremos ayudar de la mejor manera posible y brindar la soluci\u00f3n m\u00e1s efectiva a las personas. Satisfacer las demandas de sus clientes en la regi\u00f3n donde opera, con calidad, excelencia, confiabilidad y costos adecuados para su negocio.<\/p>\n\n\t\t<\/div>\n\t<\/div>\n<div class=\"vcex-spacing wpex-w-100 wpex-clear\" style=\"height:45px;\"><\/div><a href=\"https:\/\/corportinc.com\/es\/about-us\/\" class=\"vcex-button theme-button inline\" style=\"background:#274E69;padding-block:10px;padding-inline:25px;color:rgba(255,255,255,0.9);font-weight:500;letter-spacing:0.025em;border-radius:90px;\" data-wpex-hover='{&quot;background&quot;:&quot;#1a3e5b&quot;,&quot;color&quot;:&quot;#ffffff&quot;}'><span class=\"vcex-button-inner theme-button-inner\">Ver m\u00e1s<span class=\"vcex-button-icon vcex-icon-wrap theme-button-icon-right wpex-transition-transform wpex-duration-200\" data-wpex-hover=\"{&quot;parent&quot;:&quot;.vcex-button&quot;,&quot;transform&quot;:&quot;translateX(10px)&quot;}\"><span class=\"ticon ticon-long-arrow-right\" aria-hidden=\"true\"><\/span><\/span><\/span><\/a> <div class=\"vcex-spacing wpex-w-100 wpex-clear visible-desktop\" style=\"height:100px;\"><\/div><\/div><\/div><\/div><div class=\"wpb_column vc_column_container vc_col-sm-1 visible-desktop\"><div class=\"vc_column-inner\"><div class=\"wpb_wrapper\"><\/div><\/div><\/div><\/div><div class=\"vc_row wpb_row vc_row-fluid vc_custom_1620945726956 wpex-vc_row-has-fill wpex-vc-reset-negative-margin\"><div class=\"wpb_column vc_column_container vc_col-sm-12\"><div class=\"vc_column-inner\"><div class=\"wpb_wrapper\"><div class=\"vcex-spacing wpex-w-100 wpex-clear\" style=\"height:50px;\"><\/div><\/div><\/div><\/div><\/div><div data-vc-full-width=\"true\" data-vc-full-width-init=\"false\" data-vc-stretch-content=\"true\" class=\"vc_row wpb_row vc_row-fluid vc_custom_1622578879761 vc_row-o-equal-height vc_row-flex wpex-vc_row-has-fill wpex-vc-row-stretched no-bottom-margins tablet-fullwidth-columns\"><div class=\"wpb_column vc_column_container vc_col-sm-2 wpex-vc_col-has-fill\"><div class=\"vc_column-inner vc_custom_1620944934099\"><div class=\"wpb_wrapper\"><\/div><\/div><\/div><div class=\"wpb_column vc_column_container vc_col-sm-5 wpex-vc_col-has-fill\"><div class=\"vc_column-inner vc_custom_1620945592895\"><div class=\"wpb_wrapper\"><div class=\"vcex-spacing wpex-w-100 wpex-clear visible-desktop\" style=\"height:100px;\"><\/div>\n\t<div class=\"wpb_text_column wpb_content_element\" >\n\t\t<div class=\"wpb_wrapper\">\n\t\t\t<h4>SERVICIOS<\/h4>\n\n\t\t<\/div>\n\t<\/div>\n<div class=\"vcex-module vcex-divider vcex-divider-solid vcex-divider-left wpex-mr-auto wpex-max-w-100 wpex-block wpex-h-0 wpex-border-b wpex-border-solid wpex-border-main\" style=\"width:45px;margin-top:5px;margin-bottom:15px;border-bottom-width:3px;border-color:#ea9a27;\"><\/div>\n\t<div style=\"font-size:1.5em;width:576px;\" class=\"wpb_text_column wpex-max-w-100 wpex-mr-auto wpb_content_element\" >\n\t\t<div class=\"wpb_wrapper\">\n\t\t\t<h2>Lo que hacemos<\/h2>\n\n\t\t<\/div>\n\t<\/div>\n<div class=\"vcex-spacing wpex-w-100 wpex-clear\" style=\"height:45px;\"><\/div>\n\t<div style=\"width:576px;\" class=\"wpb_text_column wpex-max-w-100 wpex-mr-auto wpb_content_element\" >\n\t\t<div class=\"wpb_wrapper\">\n\t\t\t<p>Contribuir a la industria farmac\u00e9utica comercializando productos farmac\u00e9uticos de calidad, productos OTC y segmento terap\u00e9utico a precios competitivos, satisfaciendo la demanda de las diferentes instituciones de salud con el fin de satisfacer las necesidades de los pacientes.<\/p>\n\n\t\t<\/div>\n\t<\/div>\n<div class=\"vcex-spacing wpex-w-100 wpex-clear\" style=\"height:45px;\"><\/div><a href=\"https:\/\/corportinc.com\/es\/services\/\" class=\"vcex-button theme-button inline\" style=\"background:#274E69;padding-block:10px;padding-inline:25px;color:rgba(255,255,255,0.9);font-weight:500;letter-spacing:0.025em;border-radius:90px;\" data-wpex-hover='{&quot;background&quot;:&quot;#1a3e5b&quot;,&quot;color&quot;:&quot;#ffffff&quot;}'><span class=\"vcex-button-inner theme-button-inner\">Ver m\u00e1s<span class=\"vcex-button-icon vcex-icon-wrap theme-button-icon-right wpex-transition-transform wpex-duration-200\" data-wpex-hover=\"{&quot;parent&quot;:&quot;.vcex-button&quot;,&quot;transform&quot;:&quot;translateX(10px)&quot;}\"><span class=\"ticon ticon-long-arrow-right\" aria-hidden=\"true\"><\/span><\/span><\/span><\/a> <div class=\"vcex-spacing wpex-w-100 wpex-clear visible-desktop\" style=\"height:50px;\"><\/div><div class=\"vcex-spacing wpex-w-100 wpex-clear\" style=\"height:50px;\"><\/div><\/div><\/div><\/div><div class=\"wpb_column vc_column_container vc_col-sm-5 wpex-vc_col-has-fill\"><div class=\"vc_column-inner vc_custom_1622579015108\"><div class=\"wpb_wrapper\"><div class=\"vcex-spacing wpex-w-100 wpex-clear visible-desktop\" style=\"height:100px;\"><\/div><\/div><\/div><\/div><\/div><div class=\"vc_row-full-width vc_clearfix\"><\/div><div class=\"vc_row wpb_row vc_row-fluid vc_custom_1622569641103 wpex-vc_row-has-fill no-bottom-margins wpex-vc-reset-negative-margin\"><div class=\"wpb_column vc_column_container vc_col-sm-12\"><div class=\"vc_column-inner\"><div class=\"wpb_wrapper\"><div class=\"vcex-spacing wpex-w-100 wpex-clear visible-desktop\" style=\"height:50px;\"><\/div>\n\t<div  class=\"wpb_single_image wpb_content_element vc_align_ wpb_content_element\">\n\t\t\n\t\t<figure class=\"wpb_wrapper vc_figure\">\n\t\t\t<div class=\"vc_single_image-wrapper   vc_box_border_grey\"><img width=\"296\" height=\"44\" src=\"https:\/\/corportinc.com\/es\/wp-content\/uploads\/sites\/2\/2021\/05\/corport-logo-white.png\" class=\"vc_single_image-img attachment-full\" alt=\"\" title=\"corport-logo-white\" srcset=\"https:\/\/corportinc.com\/es\/wp-content\/uploads\/sites\/2\/2021\/05\/corport-logo-white.png 296w, https:\/\/corportinc.com\/es\/wp-content\/uploads\/sites\/2\/2021\/05\/corport-logo-white-16x2.png 16w\" sizes=\"(max-width: 296px) 100vw, 296px\" \/><\/div>\n\t\t<\/figure>\n\t<\/div>\n<div class=\"vcex-spacing wpex-w-100 wpex-clear\" style=\"height:45px;\"><\/div><div class=\"vc_row wpb_row vc_inner vc_row-fluid no-bottom-margins\"><div class=\"wpb_column vc_column_container vc_col-sm-6\"><div class=\"vc_column-inner\"><div class=\"wpb_wrapper\"><div class=\"vcex-module vcex-icon-box vcex-icon-box-one wpex-flex wpex-text-left\"><div class=\"vcex-icon-box-symbol wpex-flex-shrink-0 wpex-mr-20\" style=\"width:50px;\"><div class=\"vcex-icon-box-icon wpex-inline-flex wpex-items-center wpex-justify-center wpex-child-inherit-color wpex-text-center wpex-leading-none wpex-w-100 wpex-text-1\" style=\"color:#ffffff;font-size:22px;border-radius:90px;background:#789bb5;height:50px;\"><span aria-hidden=\"true\" class=\"fas fa-phone-alt\"><\/span><\/div><\/div><div class=\"vcex-icon-box-text wpex-flex-grow\"><h2 class=\"vcex-icon-box-heading wpex-heading wpex-text-md\" style=\"font-weight:400;color:#789bb5;--wpex-hover-heading-link-color:#789bb5;margin-bottom:5px;\">Ll\u00e1menos<\/h2><div class=\"vcex-icon-box-content wpex-last-mb-0 wpex-clr\" style=\"color:#f5f5f5;\"><p><a href=\"tel:786-334-6089\">786-334-6089<\/a><br \/>\n<a href=\"tel:786-391-2161\">786-391-2161<\/a><\/p>\n<\/div><\/div><\/div><div class=\"vcex-spacing wpex-w-100 wpex-clear\" style=\"height:45px;\"><\/div><div class=\"vcex-module vcex-icon-box vcex-icon-box-one wpex-flex wpex-text-left\"><div class=\"vcex-icon-box-symbol wpex-flex-shrink-0 wpex-mr-20\" style=\"width:50px;\"><div class=\"vcex-icon-box-icon wpex-inline-flex wpex-items-center wpex-justify-center wpex-child-inherit-color wpex-text-center wpex-leading-none wpex-w-100 wpex-text-1\" style=\"color:#ffffff;font-size:22px;border-radius:90px;background:#789bb5;height:50px;\"><span aria-hidden=\"true\" class=\"fas fa-map-marker-alt\"><\/span><\/div><\/div><div class=\"vcex-icon-box-text wpex-flex-grow\"><h2 class=\"vcex-icon-box-heading wpex-heading wpex-text-md\" style=\"font-weight:400;color:#789bb5;--wpex-hover-heading-link-color:#789bb5;margin-bottom:5px;\">Direcci\u00f3n Comercial<\/h2><div class=\"vcex-icon-box-content wpex-last-mb-0 wpex-clr\" style=\"color:#f5f5f5;\"><p><a href=\"https:\/\/www.google.com\/maps\/dir\/\/9600+NW+38th+St,+Doral,+FL+33178\/@25.8082556,-80.3545255,17z\/data=!4m9!4m8!1m0!1m5!1m1!1s0x88d9b95a2e834d01:0x8c1a983a9f915920!2m2!1d-80.3523315!2d25.8082508!3e0\">9600 NW 38th Street<br \/>\nSuite 200B<br \/>\nMiami, FL 33178<\/a><\/p>\n<\/div><\/div><\/div><div class=\"vcex-spacing wpex-w-100 wpex-clear\" style=\"height:45px;\"><\/div><div class=\"vcex-module vcex-icon-box vcex-icon-box-one wpex-flex wpex-text-left\"><div class=\"vcex-icon-box-symbol wpex-flex-shrink-0 wpex-mr-20\" style=\"width:50px;\"><div class=\"vcex-icon-box-icon wpex-inline-flex wpex-items-center wpex-justify-center wpex-child-inherit-color wpex-text-center wpex-leading-none wpex-w-100 wpex-text-1\" style=\"color:#ffffff;font-size:22px;border-radius:90px;background:#789bb5;height:50px;\"><span aria-hidden=\"true\" class=\"far fa-clock\"><\/span><\/div><\/div><div class=\"vcex-icon-box-text wpex-flex-grow\"><h2 class=\"vcex-icon-box-heading wpex-heading wpex-text-md\" style=\"font-weight:400;color:#789bb5;--wpex-hover-heading-link-color:#789bb5;margin-bottom:5px;\">Horarios de Atenci\u00f3n<\/h2><div class=\"vcex-icon-box-content wpex-last-mb-0 wpex-clr\" style=\"color:#f5f5f5;\"><p>Lun-Vie: 8am &#8211; 5pm<br \/>\nSab-Dom: Cerrado<\/p>\n<\/div><\/div><\/div><\/div><\/div><\/div><div class=\"wpb_column vc_column_container vc_col-sm-6\"><div class=\"vc_column-inner\"><div class=\"wpb_wrapper\"><div class=\"vcex-spacing wpex-w-100 wpex-clear hidden-desktop\" style=\"height:75px;\"><\/div>\n\t<div class=\"wpb_raw_code wpb_raw_html wpb_content_element\" >\n\t\t<div class=\"wpb_wrapper\">\n\t\t\t<form id=\"forminator-module-87\" class=\"forminator-custom-form forminator-custom-form-87\" method=\"post\" data-forminator-render=\"0\" data-uid=\"69e11a0977a2b\"><div role=\"alert\" aria-live=\"polite\" class=\"forminator-response-message forminator-error\" aria-hidden=\"true\"><\/div><input type=\"hidden\" name=\"trp-form-language\" value=\"en\"\/><\/form>\n\t\t<\/div>\n\t<\/div>\n<\/div><\/div><\/div><\/div><\/div><\/div><\/div><\/div>\n<\/div>","protected":false},"excerpt":{"rendered":"Compromiso sin fronteras Sus clientes conf\u00edan en la calidad de sus productos. Usted, en que podamos garantizable proveedores de excelencia en los Estados Unidos. Ese es nuestro compromiso. Ver m\u00e1s UN CLARO OBJETIVO Conectarlo con el mundo Creamos v\u00ednculos entre la industria farmac\u00e9utica, e instituciones de salud p\u00fablicas y privadas. Nuestra misi\u00f3n es clara: queremos&hellip;","protected":false},"author":1,"featured_media":0,"parent":0,"menu_order":0,"comment_status":"closed","ping_status":"closed","template":"","meta":{"footnotes":""},"class_list":["post-139","page","type-page","status-publish","hentry","entry","no-media"],"_links":{"self":[{"href":"https:\/\/corportinc.com\/es\/en\/wp-json\/wp\/v2\/pages\/139","targetHints":{"allow":["GET"]}}],"collection":[{"href":"https:\/\/corportinc.com\/es\/en\/wp-json\/wp\/v2\/pages"}],"about":[{"href":"https:\/\/corportinc.com\/es\/en\/wp-json\/wp\/v2\/types\/page"}],"author":[{"embeddable":true,"href":"https:\/\/corportinc.com\/es\/en\/wp-json\/wp\/v2\/users\/1"}],"replies":[{"embeddable":true,"href":"https:\/\/corportinc.com\/es\/en\/wp-json\/wp\/v2\/comments?post=139"}],"version-history":[{"count":4,"href":"https:\/\/corportinc.com\/es\/en\/wp-json\/wp\/v2\/pages\/139\/revisions"}],"predecessor-version":[{"id":220,"href":"https:\/\/corportinc.com\/es\/en\/wp-json\/wp\/v2\/pages\/139\/revisions\/220"}],"wp:attachment":[{"href":"https:\/\/corportinc.com\/es\/en\/wp-json\/wp\/v2\/media?parent=139"}],"curies":[{"name":"wp","href":"https:\/\/api.w.org\/{rel}","templated":true}]}}