{"id":9,"date":"2021-05-12T03:06:54","date_gmt":"2021-05-12T08:06:54","guid":{"rendered":"https:\/\/ibisreview.com\/corport\/es\/?page_id=9"},"modified":"2021-05-12T03:06:54","modified_gmt":"2021-05-12T08:06:54","slug":"about-us","status":"publish","type":"page","link":"https:\/\/corportinc.com\/es\/en\/about-us\/","title":{"rendered":"Nosotros"},"content":{"rendered":"<div class=\"wpb-content-wrapper\"><div class=\"vc_row wpb_row vc_row-fluid vc_custom_1622659804204 wpex-vc_row-has-fill add-overlay-header-offset wpex-vc-reset-negative-margin\" style=\"background-position:center top!important;\"><div class=\"wpb_column vc_column_container vc_col-sm-12\"><div class=\"vc_column-inner\"><div class=\"wpb_wrapper\"><div class=\"vcex-spacing wpex-w-100 wpex-clear visible-desktop\" style=\"height:100px;\"><\/div><div class=\"vc_row wpb_row vc_inner vc_row-fluid\"><div class=\"wpb_column vc_column_container vc_col-sm-8\"><div class=\"vc_column-inner\"><div class=\"wpb_wrapper\">\n\t<div style=\"color:#ffffff;\" class=\"wpb_text_column has-custom-color wpex-child-inherit-color wpb_content_element\" >\n\t\t<div class=\"wpb_wrapper\">\n\t\t\t<h4>NOSOTROS<\/h4>\n\n\t\t<\/div>\n\t<\/div>\n\n\t<div style=\"color:#ffffff;font-size:1.35em;\" class=\"wpb_text_column has-custom-color wpex-child-inherit-color wpb_content_element\" >\n\t\t<div class=\"wpb_wrapper\">\n\t\t\t<h1>Estamos comprometidos con la creaci\u00f3n de v\u00ednculos entre la industria farmac\u00e9utica, instituciones de salud p\u00fablicas y privadas.<\/h1>\n\n\t\t<\/div>\n\t<\/div>\n<\/div><\/div><\/div><div class=\"wpb_column vc_column_container vc_col-sm-4\"><div class=\"vc_column-inner\"><div class=\"wpb_wrapper\"><\/div><\/div><\/div><\/div><div class=\"vcex-spacing wpex-w-100 wpex-clear visible-desktop\" style=\"height:100px;\"><\/div><\/div><\/div><\/div><\/div><div class=\"vc_row wpb_row vc_row-fluid vc_custom_1622659489843 no-bottom-margins\"><div class=\"wpb_column vc_column_container vc_col-sm-3\"><div class=\"vc_column-inner\"><div class=\"wpb_wrapper\"><\/div><\/div><\/div><div class=\"wpb_column vc_column_container vc_col-sm-9\"><div class=\"vc_column-inner\"><div class=\"wpb_wrapper\"><div class=\"vc_row wpb_row vc_inner vc_row-fluid content-row vc_custom_1622657209424 wpex-vc_row-has-fill no-bottom-margins wpex-vc-reset-negative-margin\"><div class=\"wpb_column vc_column_container vc_col-sm-1\"><div class=\"vc_column-inner\"><div class=\"wpb_wrapper\"><\/div><\/div><\/div><div class=\"wpb_column vc_column_container vc_col-sm-7\"><div class=\"vc_column-inner\"><div class=\"wpb_wrapper\"><div class=\"vcex-spacing wpex-w-100 wpex-clear visible-desktop\" style=\"height:25px;\"><\/div>\n\t<div class=\"wpb_text_column wpb_content_element\" >\n\t\t<div class=\"wpb_wrapper\">\n\t\t\t<h2>Una clara misi\u00f3n<\/h2>\n\n\t\t<\/div>\n\t<\/div>\n<div class=\"vcex-spacing wpex-w-100 wpex-clear\" style=\"height:45px;\"><\/div>\n\t<div class=\"wpb_text_column wpb_content_element excerpt\" >\n\t\t<div class=\"wpb_wrapper\">\n\t\t\t<p>Queremos ayudar de la mejor manera posible y brindar la soluci\u00f3n m\u00e1s efectiva a las personas. Satisfacer las demandas de sus clientes en la regi\u00f3n donde opera, con calidad, excelencia, confiabilidad y costos adecuados para su negocio.<\/p>\n\n\t\t<\/div>\n\t<\/div>\n<div class=\"vcex-spacing wpex-w-100 wpex-clear visible-desktop\" style=\"height:25px;\"><\/div><\/div><\/div><\/div><div class=\"wpb_column vc_column_container vc_col-sm-4\"><div class=\"vc_column-inner\"><div class=\"wpb_wrapper\"><\/div><\/div><\/div><\/div><div class=\"vcex-spacing wpex-w-100 wpex-clear visible-desktop\" style=\"height:100px;\"><\/div><\/div><\/div><\/div><\/div><div id=\"goal-row\" class=\"vc_row wpb_row vc_row-fluid\"><div class=\"wpb_column vc_column_container vc_col-sm-12\"><div class=\"vc_column-inner\"><div class=\"wpb_wrapper\"><div class=\"vc_row wpb_row vc_inner vc_row-fluid goal-sub-row vc_row-o-equal-height vc_row-flex no-bottom-margins\"><div class=\"wpb_column vc_column_container vc_col-sm-1\"><div class=\"vc_column-inner vc_custom_1621558068658\"><div class=\"wpb_wrapper\"><\/div><\/div><\/div><div class=\"wpb_column vc_column_container vc_col-sm-4\"><div class=\"vc_column-inner\"><div class=\"wpb_wrapper\"><div class=\"vcex-spacing wpex-w-100 wpex-clear visible-desktop\" style=\"height:100px;\"><\/div>\n\t<div  class=\"wpb_single_image wpb_content_element vc_align_ wpb_content_element hidden-desktop\">\n\t\t\n\t\t<figure class=\"wpb_wrapper vc_figure\">\n\t\t\t<div class=\"vc_single_image-wrapper   vc_box_border_grey\"><img width=\"685\" height=\"570\" src=\"https:\/\/corportinc.com\/es\/wp-content\/uploads\/sites\/2\/2021\/05\/corport-img-1.jpg\" class=\"vc_single_image-img attachment-full\" alt=\"\" title=\"corport-img (1)\" srcset=\"https:\/\/corportinc.com\/es\/wp-content\/uploads\/sites\/2\/2021\/05\/corport-img-1.jpg 685w, https:\/\/corportinc.com\/es\/wp-content\/uploads\/sites\/2\/2021\/05\/corport-img-1-300x250.jpg 300w, https:\/\/corportinc.com\/es\/wp-content\/uploads\/sites\/2\/2021\/05\/corport-img-1-14x12.jpg 14w\" sizes=\"(max-width: 685px) 100vw, 685px\" \/><\/div>\n\t\t<\/figure>\n\t<\/div>\n<div class=\"vcex-spacing wpex-w-100 wpex-clear hidden-desktop\" style=\"height:45px;\"><\/div>\n\t<div class=\"wpb_text_column wpb_content_element\" >\n\t\t<div class=\"wpb_wrapper\">\n\t\t\t<h2>Nuestro Objetivo<\/h2>\n\n\t\t<\/div>\n\t<\/div>\n<div class=\"vcex-spacing wpex-w-100 wpex-clear\" style=\"height:45px;\"><\/div>\n\t<div class=\"wpb_text_column wpb_content_element excerpt\" >\n\t\t<div class=\"wpb_wrapper\">\n\t\t\t<p>Suministrar los insumos en las mejores condiciones de tiempo, calidad y precio promoviendo un mercado m\u00e1s \u00edntegro y justo.<\/p>\n\n\t\t<\/div>\n\t<\/div>\n<div class=\"vcex-spacing wpex-w-100 wpex-clear\" style=\"height:15px;\"><\/div>\n\t<div class=\"wpb_text_column wpb_content_element\" >\n\t\t<div class=\"wpb_wrapper\">\n\t\t\t<p>Desde que se realiza el encargo hasta que se entrega CORPORT ofrece a sus clientes seguridad y confianza en cada aspecto del manejo de sus operaciones. Por todas estas razones CORPORT es la soluci\u00f3n para quien busca importar medicamentos al por mayor de Estados Unidos a Colombia.<\/p>\n\n\t\t<\/div>\n\t<\/div>\n<div class=\"vcex-spacing wpex-w-100 wpex-clear\" style=\"height:50px;\"><\/div><div class=\"vcex-spacing wpex-w-100 wpex-clear visible-desktop\" style=\"height:50px;\"><\/div><\/div><\/div><\/div><div class=\"wpb_column vc_column_container vc_col-sm-1\"><div class=\"vc_column-inner\"><div class=\"wpb_wrapper\"><\/div><\/div><\/div><div class=\"wpb_column goal-img-cell vc_column_container vc_col-sm-6\"><div class=\"vc_column-inner\"><div class=\"wpb_wrapper\"><\/div><\/div><\/div><\/div><\/div><\/div><\/div><\/div>\n<\/div>","protected":false},"excerpt":{"rendered":"NOSOTROS Estamos comprometidos con la creaci\u00f3n de v\u00ednculos entre la industria farmac\u00e9utica, instituciones de salud p\u00fablicas y privadas. Una clara misi\u00f3n Queremos ayudar de la mejor manera posible y brindar la soluci\u00f3n m\u00e1s efectiva a las personas. Satisfacer las demandas de sus clientes en la regi\u00f3n donde opera, con calidad, excelencia, confiabilidad y costos adecuados&hellip;","protected":false},"author":1,"featured_media":0,"parent":0,"menu_order":0,"comment_status":"closed","ping_status":"closed","template":"","meta":{"footnotes":""},"class_list":["post-9","page","type-page","status-publish","hentry","entry","no-media"],"_links":{"self":[{"href":"https:\/\/corportinc.com\/es\/en\/wp-json\/wp\/v2\/pages\/9","targetHints":{"allow":["GET"]}}],"collection":[{"href":"https:\/\/corportinc.com\/es\/en\/wp-json\/wp\/v2\/pages"}],"about":[{"href":"https:\/\/corportinc.com\/es\/en\/wp-json\/wp\/v2\/types\/page"}],"author":[{"embeddable":true,"href":"https:\/\/corportinc.com\/es\/en\/wp-json\/wp\/v2\/users\/1"}],"replies":[{"embeddable":true,"href":"https:\/\/corportinc.com\/es\/en\/wp-json\/wp\/v2\/comments?post=9"}],"version-history":[{"count":0,"href":"https:\/\/corportinc.com\/es\/en\/wp-json\/wp\/v2\/pages\/9\/revisions"}],"wp:attachment":[{"href":"https:\/\/corportinc.com\/es\/en\/wp-json\/wp\/v2\/media?parent=9"}],"curies":[{"name":"wp","href":"https:\/\/api.w.org\/{rel}","templated":true}]}}