{"id":6,"date":"2021-05-12T03:06:21","date_gmt":"2021-05-12T08:06:21","guid":{"rendered":"https:\/\/ibisreview.com\/corport\/es\/?page_id=6"},"modified":"2021-05-12T03:06:21","modified_gmt":"2021-05-12T08:06:21","slug":"services","status":"publish","type":"page","link":"https:\/\/corportinc.com\/es\/services\/","title":{"rendered":"Servicios"},"content":{"rendered":"<div class=\"wpb-content-wrapper\"><div class=\"vc_row wpb_row vc_row-fluid vc_custom_1622649811654 wpex-vc_row-has-fill add-overlay-header-offset wpex-vc-reset-negative-margin\" style=\"background-position:center top!important;\"><div class=\"wpb_column vc_column_container vc_col-sm-12\"><div class=\"vc_column-inner\"><div class=\"wpb_wrapper\"><div class=\"vcex-spacing wpex-w-100 wpex-clear visible-desktop\" style=\"height:100px;\"><\/div><div class=\"vc_row wpb_row vc_inner vc_row-fluid\"><div class=\"wpb_column vc_column_container vc_col-sm-8\"><div class=\"vc_column-inner\"><div class=\"wpb_wrapper\">\n\t<div style=\"color:#ffffff;\" class=\"wpb_text_column has-custom-color wpex-child-inherit-color wpb_content_element\" >\n\t\t<div class=\"wpb_wrapper\">\n\t\t\t<h4>SERVICIOS<\/h4>\n\n\t\t<\/div>\n\t<\/div>\n\n\t<div style=\"color:#ffffff;font-size:1.35em;\" class=\"wpb_text_column has-custom-color wpex-child-inherit-color wpb_content_element\" >\n\t\t<div class=\"wpb_wrapper\">\n\t\t\t<h1>Coordinaci\u00f3n y log\u00edstica para que pueda acceder a productos farmac\u00e9uticos de calidad desde los Estados Unidos.<\/h1>\n\n\t\t<\/div>\n\t<\/div>\n<\/div><\/div><\/div><div class=\"wpb_column vc_column_container vc_col-sm-4\"><div class=\"vc_column-inner\"><div class=\"wpb_wrapper\"><\/div><\/div><\/div><\/div><div class=\"vcex-spacing wpex-w-100 wpex-clear visible-desktop\" style=\"height:125px;\"><\/div><\/div><\/div><\/div><\/div><div class=\"vc_row wpb_row vc_row-fluid vc_custom_1622649696371\"><div class=\"wpb_column vc_column_container vc_col-sm-3\"><div class=\"vc_column-inner\"><div class=\"wpb_wrapper\"><\/div><\/div><\/div><div class=\"wpb_column vc_column_container vc_col-sm-9\"><div class=\"vc_column-inner\"><div class=\"wpb_wrapper\"><div class=\"vc_row wpb_row vc_inner vc_row-fluid content-row vc_custom_1622650274724 wpex-vc_row-has-fill wpex-vc-reset-negative-margin\"><div class=\"wpb_column vc_column_container vc_col-sm-1\"><div class=\"vc_column-inner\"><div class=\"wpb_wrapper\"><\/div><\/div><\/div><div class=\"wpb_column vc_column_container vc_col-sm-7 wpex-vc_col-has-fill\"><div class=\"vc_column-inner vc_custom_1622650008677\"><div class=\"wpb_wrapper\"><div class=\"vcex-spacing wpex-w-100 wpex-clear visible-desktop\" style=\"height:50px;\"><\/div>\n\t<div class=\"wpb_text_column wpb_content_element\" >\n\t\t<div class=\"wpb_wrapper\">\n\t\t\t<h2><b>Lo que hacemos<\/b><\/h2>\n\n\t\t<\/div>\n\t<\/div>\n<div class=\"vcex-spacing wpex-w-100 wpex-clear\" style=\"height:45px;\"><\/div>\n\t<div class=\"wpb_text_column wpb_content_element excerpt\" >\n\t\t<div class=\"wpb_wrapper\">\n\t\t\t<p>CORPORT contribuye a la industria farmac\u00e9utica al comercializar productos farmac\u00e9uticos de calidad, productos OTC y segmento terap\u00e9utico a precios competitivos, cubriendo la demanda de las diferentes instituciones de salud con el fin de satisfacer las necesidades de los pacientes.<\/p>\n\n\t\t<\/div>\n\t<\/div>\n<div class=\"vcex-spacing wpex-w-100 wpex-clear\" style=\"height:15px;\"><\/div>\n\t<div class=\"wpb_text_column wpb_content_element\" >\n\t\t<div class=\"wpb_wrapper\">\n\t\t\t<p>CORPORT\u00a0se encarga de coordinar el papeleo y la log\u00edstica de la importaci\u00f3n de medicamentos al por mayor.\u00a0La empresa sirve de v\u00ednculo entre efectores de salud en Colombia y\u00a0distribuidoras y laboratorios en Estados Unidos, lo que permite a nuestros clientes conseguir todo tipo de medicamentos.<\/p>\n\n\t\t<\/div>\n\t<\/div>\n<\/div><\/div><\/div><div class=\"wpb_column vc_column_container vc_col-sm-4\"><div class=\"vc_column-inner\"><div class=\"wpb_wrapper\"><\/div><\/div><\/div><\/div><div class=\"vcex-spacing wpex-w-100 wpex-clear visible-desktop\" style=\"height:100px;\"><\/div><\/div><\/div><\/div><\/div><div class=\"vc_row wpb_row vc_row-fluid\"><div class=\"wpb_column vc_column_container vc_col-sm-12\" id=\"how-row\"><div class=\"vc_column-inner\"><div class=\"wpb_wrapper\"><div class=\"vc_row wpb_row vc_inner vc_row-fluid how-sub-row vc_row-o-equal-height vc_row-flex no-bottom-margins\"><div class=\"wpb_column vc_column_container vc_col-sm-1\"><div class=\"vc_column-inner vc_custom_1621558068658\"><div class=\"wpb_wrapper\"><\/div><\/div><\/div><div class=\"wpb_column vc_column_container vc_col-sm-10\"><div class=\"vc_column-inner\"><div class=\"wpb_wrapper\"><div class=\"vcex-spacing wpex-w-100 wpex-clear visible-desktop\" style=\"height:100px;\"><\/div>\n\t<div class=\"wpb_text_column wpb_content_element\" >\n\t\t<div class=\"wpb_wrapper\">\n\t\t\t<h2><b>De qu\u00e9 manera lo hacemos?<\/b><\/h2>\n\n\t\t<\/div>\n\t<\/div>\n<div class=\"vcex-spacing wpex-w-100 wpex-clear visible-desktop\" style=\"height:45px;\"><\/div><\/div><\/div><\/div><div class=\"wpb_column vc_column_container vc_col-sm-1\"><div class=\"vc_column-inner\"><div class=\"wpb_wrapper\"><\/div><\/div><\/div><\/div><div class=\"vc_row wpb_row vc_inner vc_row-fluid how-sub-row vc_row-o-equal-height vc_row-flex no-bottom-margins\"><div class=\"wpb_column vc_column_container vc_col-sm-1\"><div class=\"vc_column-inner vc_custom_1621558068658\"><div class=\"wpb_wrapper\"><\/div><\/div><\/div><div class=\"wpb_column vc_column_container vc_col-sm-5\"><div class=\"vc_column-inner\"><div class=\"wpb_wrapper\"><div class=\"vcex-module vcex-icon-box vcex-icon-box-one wpex-flex wpex-text-left\"><div class=\"vcex-icon-box-symbol wpex-flex-shrink-0 wpex-mr-20\" style=\"width:50px;\"><div class=\"vcex-icon-box-icon wpex-inline-flex wpex-items-center wpex-justify-center wpex-child-inherit-color wpex-text-center wpex-leading-none wpex-w-100 wpex-text-1\" style=\"color:#ffffff;font-size:22px;border-radius:90px;background:#789bb4;height:50px;\"><span aria-hidden=\"true\" class=\"vc-material vc-material-compare_arrows\"><\/span><\/div><\/div><div class=\"vcex-icon-box-text wpex-flex-grow\"><h2 class=\"vcex-icon-box-heading wpex-heading wpex-text-md wpex-mb-10\">Brindamos servicios de intermediaci\u00f3n entre las grandes distribuidoras de medicamentos estadounidenses y nuestros clientes colombianos<\/h2><div class=\"vcex-icon-box-content wpex-last-mb-0 wpex-clr\"><p>Entre los que se encuentran aproximadamente 200 cl\u00ednicas (entidades privadas) y aproximadamente 200 hospitales (entidades estatales) para conseguir medicamentos que se encuentran en falta por desabastecimiento en el pa\u00eds o medicamentos nuevos de manera exclusiva.<\/p>\n<\/div><\/div><\/div><div class=\"vcex-spacing wpex-w-100 wpex-clear\" style=\"height:45px;\"><\/div><div class=\"vcex-module vcex-icon-box vcex-icon-box-one wpex-flex wpex-text-left\"><div class=\"vcex-icon-box-symbol wpex-flex-shrink-0 wpex-mr-20\" style=\"width:50px;\"><div class=\"vcex-icon-box-icon wpex-inline-flex wpex-items-center wpex-justify-center wpex-child-inherit-color wpex-text-center wpex-leading-none wpex-w-100 wpex-text-1\" style=\"color:#ffffff;font-size:22px;border-radius:90px;background:#789bb4;height:50px;\"><span aria-hidden=\"true\" class=\"vc-material vc-material-attach_money\"><\/span><\/div><\/div><div class=\"vcex-icon-box-text wpex-flex-grow\"><h2 class=\"vcex-icon-box-heading wpex-heading wpex-text-md wpex-mb-10\">Ayudamos a reducir los costos de transporte<\/h2><div class=\"vcex-icon-box-content wpex-last-mb-0 wpex-clr\"><p>As\u00ed como los costos fijos, operativos y organizativos de nuestros clientes al poner a su disposici\u00f3n nuestra estructura y experiencia.<\/p>\n<\/div><\/div><\/div><div class=\"vcex-spacing wpex-w-100 wpex-clear\" style=\"height:45px;\"><\/div><div class=\"vcex-module vcex-icon-box vcex-icon-box-one wpex-flex wpex-text-left\"><div class=\"vcex-icon-box-symbol wpex-flex-shrink-0 wpex-mr-20\" style=\"width:50px;\"><div class=\"vcex-icon-box-icon wpex-inline-flex wpex-items-center wpex-justify-center wpex-child-inherit-color wpex-text-center wpex-leading-none wpex-w-100 wpex-text-1\" style=\"color:#ffffff;font-size:22px;border-radius:90px;background:#789bb4;height:50px;\"><span aria-hidden=\"true\" class=\"vc-material vc-material-attachment\"><\/span><\/div><\/div><div class=\"vcex-icon-box-text wpex-flex-grow\"><h2 class=\"vcex-icon-box-heading wpex-heading wpex-text-md wpex-mb-10\">Ahorramos a nuestros clientes la ardua labor de tener que lidiar con papeleo<\/h2><div class=\"vcex-icon-box-content wpex-last-mb-0 wpex-clr\"><p>Y complicaciones que les resultan ajenas a su \u00e1rea de experiencia y les permitimos, de este modo, ocuparse de lo que realmente importa: la salud de los pacientes.<\/p>\n<\/div><\/div><\/div><div class=\"vcex-spacing wpex-w-100 wpex-clear\" style=\"height:45px;\"><\/div><div class=\"vcex-module vcex-icon-box vcex-icon-box-one wpex-flex wpex-text-left\"><div class=\"vcex-icon-box-symbol wpex-flex-shrink-0 wpex-mr-20\" style=\"width:50px;\"><div class=\"vcex-icon-box-icon wpex-inline-flex wpex-items-center wpex-justify-center wpex-child-inherit-color wpex-text-center wpex-leading-none wpex-w-100 wpex-text-1\" style=\"color:#ffffff;font-size:22px;border-radius:90px;background:#789bb4;height:50px;\"><span aria-hidden=\"true\" class=\"vc-material vc-material-timer_off\"><\/span><\/div><\/div><div class=\"vcex-icon-box-text wpex-flex-grow\"><h2 class=\"vcex-icon-box-heading wpex-heading wpex-text-md wpex-mb-10\">Evitamos probables errores y\/o demoras que surgir\u00edan si nuestros clientes manejaran las operaciones por su cuenta<\/h2><div class=\"vcex-icon-box-content wpex-last-mb-0 wpex-clr\"><p>Ya que estos procedimientos son complejos y confusos para quienes no est\u00e1n especializados en el \u00e1rea.<\/p>\n<\/div><\/div><\/div><div class=\"vcex-spacing wpex-w-100 wpex-clear hidden-desktop\" style=\"height:45px;\"><\/div><div class=\"vcex-spacing wpex-w-100 wpex-clear visible-desktop\" style=\"height:75px;\"><\/div><\/div><\/div><\/div><div class=\"wpb_column vc_column_container vc_col-sm-5\"><div class=\"vc_column-inner\"><div class=\"wpb_wrapper\"><div class=\"vcex-module vcex-icon-box vcex-icon-box-one wpex-flex wpex-text-left\"><div class=\"vcex-icon-box-symbol wpex-flex-shrink-0 wpex-mr-20\" style=\"width:50px;\"><div class=\"vcex-icon-box-icon wpex-inline-flex wpex-items-center wpex-justify-center wpex-child-inherit-color wpex-text-center wpex-leading-none wpex-w-100 wpex-text-1\" style=\"color:#ffffff;font-size:22px;border-radius:90px;background:#789bb4;height:50px;\"><span aria-hidden=\"true\" class=\"fas fa-cogs\"><\/span><\/div><\/div><div class=\"vcex-icon-box-text wpex-flex-grow\"><h2 class=\"vcex-icon-box-heading wpex-heading wpex-text-md wpex-mb-10\">Nos aseguramos de coordinar hasta el \u00faltimo detalle de cada proceso para garantizar un servicio \u00f3ptimo<\/h2><div class=\"vcex-icon-box-content wpex-last-mb-0 wpex-clr\"><p>Manteniendo permanentemente la comunicaci\u00f3n desde el momento del encargo hasta su recepci\u00f3n.<\/p>\n<\/div><\/div><\/div><div class=\"vcex-spacing wpex-w-100 wpex-clear\" style=\"height:45px;\"><\/div><div class=\"vcex-module vcex-icon-box vcex-icon-box-one wpex-flex wpex-text-left\"><div class=\"vcex-icon-box-symbol wpex-flex-shrink-0 wpex-mr-20\" style=\"width:50px;\"><div class=\"vcex-icon-box-icon wpex-inline-flex wpex-items-center wpex-justify-center wpex-child-inherit-color wpex-text-center wpex-leading-none wpex-w-100 wpex-text-1\" style=\"color:#ffffff;font-size:22px;border-radius:90px;background:#789bb4;height:50px;\"><span aria-hidden=\"true\" class=\"vc-material vc-material-local_pharmacy\"><\/span><\/div><\/div><div class=\"vcex-icon-box-text wpex-flex-grow\"><h2 class=\"vcex-icon-box-heading wpex-heading wpex-text-md wpex-mb-10\">Trabajamos en forma constante solo con los mejores proveedores de Estados Unidos para asegurar el abastecimiento de medicamentos a nuestros clientes en Colombia<\/h2><div class=\"vcex-icon-box-content wpex-last-mb-0 wpex-clr\"><p>Asimismo, buscamos permanentemente ampliar nuestra red incorporando nuevos distribuidores y laboratorios con el objetivo de brindar a nuestros clientes un servicio cada vez mejor.<\/p>\n<\/div><\/div><\/div><div class=\"vcex-spacing wpex-w-100 wpex-clear\" style=\"height:45px;\"><\/div><div class=\"vcex-module vcex-icon-box vcex-icon-box-one wpex-flex wpex-text-left\"><div class=\"vcex-icon-box-symbol wpex-flex-shrink-0 wpex-mr-20\" style=\"width:50px;\"><div class=\"vcex-icon-box-icon wpex-inline-flex wpex-items-center wpex-justify-center wpex-child-inherit-color wpex-text-center wpex-leading-none wpex-w-100 wpex-text-1\" style=\"color:#ffffff;font-size:22px;border-radius:90px;background:#789bb4;height:50px;\"><span aria-hidden=\"true\" class=\"vc-material vc-material-playlist_add_check\"><\/span><\/div><\/div><div class=\"vcex-icon-box-text wpex-flex-grow\"><h2 class=\"vcex-icon-box-heading wpex-heading wpex-text-md wpex-mb-10\">Resolvemos cualquier problema que se presente<\/h2><div class=\"vcex-icon-box-content wpex-last-mb-0 wpex-clr\"><p>Ya sea por cuestiones relacionadas con el papeleo o la log\u00edstica. Nuestros clientes no se enfrentan nunca con las complicaciones propias del mundo de la importaci\u00f3n.<\/p>\n<\/div><\/div><\/div><div class=\"vcex-spacing wpex-w-100 wpex-clear\" style=\"height:45px;\"><\/div><div class=\"vcex-module vcex-icon-box vcex-icon-box-one wpex-flex wpex-text-left\"><div class=\"vcex-icon-box-symbol wpex-flex-shrink-0 wpex-mr-20\" style=\"width:50px;\"><div class=\"vcex-icon-box-icon wpex-inline-flex wpex-items-center wpex-justify-center wpex-child-inherit-color wpex-text-center wpex-leading-none wpex-w-100 wpex-text-1\" style=\"color:#ffffff;font-size:22px;border-radius:90px;background:#789bb4;height:50px;\"><span aria-hidden=\"true\" class=\"vc-material vc-material-markunread_mailbox\"><\/span><\/div><\/div><div class=\"vcex-icon-box-text wpex-flex-grow\"><h2 class=\"vcex-icon-box-heading wpex-heading wpex-text-md wpex-mb-10\">Entregamos el pedido en la puerta de la farmacia<\/h2><div class=\"vcex-icon-box-content wpex-last-mb-0 wpex-clr\"><p>Nuestros clientes no deben preocuparse por retirar la carga en el puerto o la aduana, lo \u00fanico que deben hacer es firmar la entrega conforme.<\/p>\n<\/div><\/div><\/div><div class=\"vcex-spacing wpex-w-100 wpex-clear hidden-desktop\" style=\"height:75px;\"><\/div><\/div><\/div><\/div><div class=\"wpb_column vc_column_container vc_col-sm-1\"><div class=\"vc_column-inner\"><div class=\"wpb_wrapper\"><\/div><\/div><\/div><\/div><\/div><\/div><\/div><\/div>\n<\/div>","protected":false},"excerpt":{"rendered":"SERVICIOS Coordinaci\u00f3n y log\u00edstica para que pueda acceder a productos farmac\u00e9uticos de calidad desde los Estados Unidos. Lo que hacemos CORPORT contribuye a la industria farmac\u00e9utica al comercializar productos farmac\u00e9uticos de calidad, productos OTC y segmento terap\u00e9utico a precios competitivos, cubriendo la demanda de las diferentes instituciones de salud con el fin de satisfacer las&hellip;","protected":false},"author":1,"featured_media":0,"parent":0,"menu_order":0,"comment_status":"closed","ping_status":"closed","template":"","meta":{"footnotes":""},"class_list":["post-6","page","type-page","status-publish","hentry","entry","no-media"],"_links":{"self":[{"href":"https:\/\/corportinc.com\/es\/wp-json\/wp\/v2\/pages\/6","targetHints":{"allow":["GET"]}}],"collection":[{"href":"https:\/\/corportinc.com\/es\/wp-json\/wp\/v2\/pages"}],"about":[{"href":"https:\/\/corportinc.com\/es\/wp-json\/wp\/v2\/types\/page"}],"author":[{"embeddable":true,"href":"https:\/\/corportinc.com\/es\/wp-json\/wp\/v2\/users\/1"}],"replies":[{"embeddable":true,"href":"https:\/\/corportinc.com\/es\/wp-json\/wp\/v2\/comments?post=6"}],"version-history":[{"count":0,"href":"https:\/\/corportinc.com\/es\/wp-json\/wp\/v2\/pages\/6\/revisions"}],"wp:attachment":[{"href":"https:\/\/corportinc.com\/es\/wp-json\/wp\/v2\/media?parent=6"}],"curies":[{"name":"wp","href":"https:\/\/api.w.org\/{rel}","templated":true}]}}